{"id":2273,"date":"2021-11-10T20:27:18","date_gmt":"2021-11-10T20:27:18","guid":{"rendered":"https:\/\/carrebasset.com\/accueil\/"},"modified":"2025-01-09T11:12:30","modified_gmt":"2025-01-09T11:12:30","slug":"accueil","status":"publish","type":"page","link":"https:\/\/carrebasset.com\/fr\/","title":{"rendered":"Accueil"},"content":{"rendered":"[vc_row type=&#8221;full_width_content&#8221; full_screen_row_position=&#8221;middle&#8221; column_margin=&#8221;default&#8221; column_direction=&#8221;default&#8221; column_direction_tablet=&#8221;default&#8221; column_direction_phone=&#8221;default&#8221; scene_position=&#8221;center&#8221; top_padding_phone=&#8221;50px&#8221; text_color=&#8221;dark&#8221; text_align=&#8221;left&#8221; row_border_radius=&#8221;none&#8221; row_border_radius_applies=&#8221;bg&#8221; overflow=&#8221;hidden&#8221; advanced_gradient_angle=&#8221;0&#8243; overlay_strength=&#8221;0.3&#8243; gradient_direction=&#8221;left_to_right&#8221; shape_divider_position=&#8221;bottom&#8221; bg_image_animation=&#8221;none&#8221; shape_type=&#8221;straight_section&#8221; gradient_type=&#8221;default&#8221;][vc_column column_padding=&#8221;no-extra-padding&#8221; column_padding_tablet=&#8221;inherit&#8221; column_padding_phone=&#8221;inherit&#8221; column_padding_position=&#8221;top-bottom&#8221; column_element_direction_desktop=&#8221;default&#8221; column_element_spacing=&#8221;0px&#8221; desktop_text_alignment=&#8221;default&#8221; tablet_text_alignment=&#8221;default&#8221; phone_text_alignment=&#8221;default&#8221; background_color_opacity=&#8221;1&#8243; background_hover_color_opacity=&#8221;1&#8243; column_backdrop_filter=&#8221;none&#8221; column_shadow=&#8221;none&#8221; column_border_radius=&#8221;none&#8221; column_link_target=&#8221;_self&#8221; column_position=&#8221;default&#8221; advanced_gradient_angle=&#8221;0&#8243; gradient_direction=&#8221;left_to_right&#8221; overlay_strength=&#8221;0.3&#8243; width=&#8221;1\/1&#8243; tablet_width_inherit=&#8221;default&#8221; animation_type=&#8221;default&#8221; bg_image_animation=&#8221;none&#8221; border_type=&#8221;simple&#8221; column_border_width=&#8221;none&#8221; column_border_style=&#8221;solid&#8221; gradient_type=&#8221;default&#8221; column_padding_type=&#8221;default&#8221; offset=&#8221;vc_hidden-lg vc_hidden-md&#8221;][\/vc_column][\/vc_row][vc_row type=&#8221;full_width_content&#8221; full_screen_row_position=&#8221;middle&#8221; column_margin=&#8221;default&#8221; column_direction=&#8221;default&#8221; column_direction_tablet=&#8221;default&#8221; column_direction_phone=&#8221;default&#8221; scene_position=&#8221;center&#8221; top_padding_phone=&#8221;50px&#8221; text_color=&#8221;dark&#8221; text_align=&#8221;left&#8221; row_border_radius=&#8221;none&#8221; row_border_radius_applies=&#8221;bg&#8221; overflow=&#8221;hidden&#8221; advanced_gradient_angle=&#8221;0&#8243; overlay_strength=&#8221;0.3&#8243; gradient_direction=&#8221;left_to_right&#8221; shape_divider_position=&#8221;bottom&#8221; bg_image_animation=&#8221;none&#8221; shape_type=&#8221;straight_section&#8221; gradient_type=&#8221;default&#8221;][vc_column column_padding=&#8221;no-extra-padding&#8221; column_padding_tablet=&#8221;inherit&#8221; column_padding_phone=&#8221;inherit&#8221; column_padding_position=&#8221;top-bottom&#8221; column_element_direction_desktop=&#8221;default&#8221; column_element_spacing=&#8221;0px&#8221; desktop_text_alignment=&#8221;default&#8221; tablet_text_alignment=&#8221;default&#8221; phone_text_alignment=&#8221;default&#8221; background_color_opacity=&#8221;1&#8243; background_hover_color_opacity=&#8221;1&#8243; column_backdrop_filter=&#8221;none&#8221; column_shadow=&#8221;none&#8221; column_border_radius=&#8221;none&#8221; column_link_target=&#8221;_self&#8221; column_position=&#8221;default&#8221; advanced_gradient_angle=&#8221;0&#8243; gradient_direction=&#8221;left_to_right&#8221; overlay_strength=&#8221;0.3&#8243; width=&#8221;1\/1&#8243; tablet_width_inherit=&#8221;default&#8221; animation_type=&#8221;default&#8221; bg_image_animation=&#8221;none&#8221; border_type=&#8221;simple&#8221; column_border_width=&#8221;none&#8221; column_border_style=&#8221;solid&#8221; gradient_type=&#8221;default&#8221; column_padding_type=&#8221;default&#8221; offset=&#8221;vc_hidden-sm vc_hidden-xs&#8221;][nectar_video_player_self_hosted video_webm=&#8221;https:\/\/carrebasset.com\/wp-content\/uploads\/2025\/01\/240903-CARRE-BASSET-SHOWREEL-169-103-site-VF.mp4&#8243; video_mp4=&#8221;https:\/\/carrebasset.com\/wp-content\/uploads\/2025\/01\/240903-CARRE-BASSET-SHOWREEL-169-103-site-VF.mp4&#8243; video_image=&#8221;2705&#8243; align=&#8221;center&#8221; player_functionality=&#8221;default&#8221; loop=&#8221;yes&#8221; autoplay=&#8221;yes&#8221; autoplay_func=&#8221;scroll_based&#8221; video_loading=&#8221;default&#8221; border_radius=&#8221;none&#8221; box_shadow=&#8221;none&#8221; advanced_gradient_display_type=&#8221;linear&#8221;][\/vc_column][\/vc_row][vc_row type=&#8221;full_width_background&#8221; full_screen_row_position=&#8221;middle&#8221; column_margin=&#8221;default&#8221; column_direction=&#8221;default&#8221; column_direction_tablet=&#8221;default&#8221; column_direction_phone=&#8221;default&#8221; scene_position=&#8221;center&#8221; top_padding=&#8221;3%&#8221; bottom_padding=&#8221;6%&#8221; top_padding_phone=&#8221;7%&#8221; left_padding_phone=&#8221;8%&#8221; constrain_group_6=&#8221;yes&#8221; right_padding_phone=&#8221;8%&#8221; text_color=&#8221;dark&#8221; text_align=&#8221;left&#8221; row_border_radius=&#8221;none&#8221; row_border_radius_applies=&#8221;bg&#8221; overflow=&#8221;visible&#8221; class=&#8221;splitheading&#8221; advanced_gradient_angle=&#8221;0&#8243; overlay_strength=&#8221;0.3&#8243; gradient_direction=&#8221;left_to_right&#8221; shape_divider_position=&#8221;bottom&#8221; bg_image_animation=&#8221;none&#8221; shape_type=&#8221;&#8221; gradient_type=&#8221;default&#8221;][vc_column column_padding=&#8221;no-extra-padding&#8221; column_padding_tablet=&#8221;inherit&#8221; column_padding_phone=&#8221;no-extra-padding&#8221; column_padding_position=&#8221;all&#8221; column_element_direction_desktop=&#8221;default&#8221; column_element_spacing=&#8221;0px&#8221; centered_text=&#8221;true&#8221; desktop_text_alignment=&#8221;default&#8221; tablet_text_alignment=&#8221;default&#8221; phone_text_alignment=&#8221;default&#8221; background_color_opacity=&#8221;1&#8243; background_hover_color_opacity=&#8221;1&#8243; column_backdrop_filter=&#8221;none&#8221; column_shadow=&#8221;none&#8221; column_border_radius=&#8221;none&#8221; column_link_target=&#8221;_self&#8221; column_position=&#8221;default&#8221; advanced_gradient_angle=&#8221;0&#8243; gradient_direction=&#8221;left_to_right&#8221; overlay_strength=&#8221;0.3&#8243; width=&#8221;1\/1&#8243; tablet_width_inherit=&#8221;default&#8221; animation_type=&#8221;default&#8221; bg_image_animation=&#8221;none&#8221; border_type=&#8221;simple&#8221; column_border_width=&#8221;none&#8221; column_border_style=&#8221;solid&#8221; gradient_type=&#8221;default&#8221; column_padding_type=&#8221;default&#8221;][split_line_heading animation_type=&#8221;line-reveal-by-space&#8221; font_style=&#8221;h1&#8243; text_color=&#8221;#000000&#8243; line_reveal_by_space_text_effect=&#8221;none&#8221; stagger_animation=&#8221;true&#8221; content_alignment=&#8221;default&#8221; mobile_content_alignment=&#8221;inherit&#8221; link_target=&#8221;_self&#8221; text_content=&#8221;30 ANS DE CR\u00c9ATION ET DE STRAT\u00c9GIE AU SERVICE DES PLUS GRANDES MARQUES&#8221; text_direction=&#8221;default&#8221; font_size=&#8221;70x&#8221; font_size_phone=&#8221;40px&#8221; font_line_height=&#8221;70px&#8221;][\/split_line_heading][\/vc_column][\/vc_row][vc_row type=&#8221;in_container&#8221; full_screen_row_position=&#8221;middle&#8221; column_margin=&#8221;default&#8221; column_direction=&#8221;default&#8221; column_direction_tablet=&#8221;default&#8221; column_direction_phone=&#8221;default&#8221; scene_position=&#8221;center&#8221; bottom_padding=&#8221;3%&#8221; text_color=&#8221;dark&#8221; text_align=&#8221;left&#8221; row_border_radius=&#8221;none&#8221; row_border_radius_applies=&#8221;bg&#8221; overflow=&#8221;visible&#8221; overlay_strength=&#8221;0.3&#8243; gradient_direction=&#8221;left_to_right&#8221; shape_divider_position=&#8221;bottom&#8221; bg_image_animation=&#8221;none&#8221; gradient_type=&#8221;default&#8221; shape_type=&#8221;&#8221;][vc_column column_padding=&#8221;no-extra-padding&#8221; column_padding_tablet=&#8221;inherit&#8221; column_padding_phone=&#8221;inherit&#8221; column_padding_position=&#8221;all&#8221; column_element_direction_desktop=&#8221;default&#8221; column_element_spacing=&#8221;default&#8221; desktop_text_alignment=&#8221;default&#8221; tablet_text_alignment=&#8221;default&#8221; phone_text_alignment=&#8221;default&#8221; background_color_opacity=&#8221;1&#8243; background_hover_color_opacity=&#8221;1&#8243; column_backdrop_filter=&#8221;none&#8221; column_shadow=&#8221;none&#8221; column_border_radius=&#8221;none&#8221; column_link_target=&#8221;_self&#8221; column_position=&#8221;default&#8221; gradient_direction=&#8221;left_to_right&#8221; overlay_strength=&#8221;0.3&#8243; width=&#8221;1\/1&#8243; tablet_width_inherit=&#8221;default&#8221; animation_type=&#8221;default&#8221; bg_image_animation=&#8221;none&#8221; border_type=&#8221;simple&#8221; column_border_width=&#8221;none&#8221; column_border_style=&#8221;solid&#8221;][nectar_global_section id=&#8221;962&#8243;][\/vc_column][\/vc_row][vc_row type=&#8221;in_container&#8221; full_screen_row_position=&#8221;middle&#8221; column_margin=&#8221;default&#8221; column_direction=&#8221;default&#8221; column_direction_tablet=&#8221;default&#8221; column_direction_phone=&#8221;default&#8221; scene_position=&#8221;center&#8221; text_color=&#8221;dark&#8221; text_align=&#8221;left&#8221; row_border_radius=&#8221;none&#8221; row_border_radius_applies=&#8221;bg&#8221; overflow=&#8221;visible&#8221; overlay_strength=&#8221;0.3&#8243; gradient_direction=&#8221;left_to_right&#8221; shape_divider_position=&#8221;bottom&#8221; bg_image_animation=&#8221;none&#8221;][vc_column column_padding=&#8221;no-extra-padding&#8221; column_padding_tablet=&#8221;inherit&#8221; column_padding_phone=&#8221;inherit&#8221; column_padding_position=&#8221;all&#8221; column_element_direction_desktop=&#8221;default&#8221; column_element_spacing=&#8221;default&#8221; desktop_text_alignment=&#8221;default&#8221; tablet_text_alignment=&#8221;default&#8221; phone_text_alignment=&#8221;default&#8221; background_color_opacity=&#8221;1&#8243; background_hover_color_opacity=&#8221;1&#8243; column_backdrop_filter=&#8221;none&#8221; column_shadow=&#8221;none&#8221; column_border_radius=&#8221;none&#8221; column_link_target=&#8221;_self&#8221; column_position=&#8221;default&#8221; gradient_direction=&#8221;left_to_right&#8221; overlay_strength=&#8221;0.3&#8243; width=&#8221;1\/1&#8243; tablet_width_inherit=&#8221;default&#8221; animation_type=&#8221;default&#8221; bg_image_animation=&#8221;none&#8221; border_type=&#8221;simple&#8221; column_border_width=&#8221;none&#8221; column_border_style=&#8221;solid&#8221;][nectar_global_section id=&#8221;940&#8243;][\/vc_column][\/vc_row]\n","protected":false},"excerpt":{"rendered":"<p>[vc_row type=&#8221;full_width_content&#8221; full_screen_row_position=&#8221;middle&#8221; column_margin=&#8221;default&#8221; column_direction=&#8221;default&#8221; column_direction_tablet=&#8221;default&#8221; column_direction_phone=&#8221;default&#8221; scene_position=&#8221;center&#8221; top_padding_phone=&#8221;50px&#8221; text_color=&#8221;dark&#8221; text_align=&#8221;left&#8221; row_border_radius=&#8221;none&#8221; row_border_radius_applies=&#8221;bg&#8221; overflow=&#8221;hidden&#8221; advanced_gradient_angle=&#8221;0&#8243; overlay_strength=&#8221;0.3&#8243; gradient_direction=&#8221;left_to_right&#8221; shape_divider_position=&#8221;bottom&#8221;&#8230;<\/p>\n","protected":false},"author":1,"featured_media":0,"parent":0,"menu_order":0,"comment_status":"closed","ping_status":"closed","template":"","meta":{"_seopress_robots_primary_cat":"","_seopress_titles_title":"CARR\u00c9 BASSET | Agence ind\u00e9pendante de cr\u00e9ation et de strat\u00e9gie","_seopress_titles_desc":"30 ans de cr\u00e9ation et de strat\u00e9gie au service des plus grandes marques. Nous con\u00e7evons et d\u00e9ployons des strat\u00e9gies coh\u00e9rentes et inspirantes sur tous les points de contact des marques.","_seopress_robots_index":"","inline_featured_image":false,"footnotes":""},"class_list":["post-2273","page","type-page","status-publish"],"_links":{"self":[{"href":"https:\/\/carrebasset.com\/fr\/wp-json\/wp\/v2\/pages\/2273","targetHints":{"allow":["GET"]}}],"collection":[{"href":"https:\/\/carrebasset.com\/fr\/wp-json\/wp\/v2\/pages"}],"about":[{"href":"https:\/\/carrebasset.com\/fr\/wp-json\/wp\/v2\/types\/page"}],"author":[{"embeddable":true,"href":"https:\/\/carrebasset.com\/fr\/wp-json\/wp\/v2\/users\/1"}],"replies":[{"embeddable":true,"href":"https:\/\/carrebasset.com\/fr\/wp-json\/wp\/v2\/comments?post=2273"}],"version-history":[{"count":49,"href":"https:\/\/carrebasset.com\/fr\/wp-json\/wp\/v2\/pages\/2273\/revisions"}],"predecessor-version":[{"id":3427,"href":"https:\/\/carrebasset.com\/fr\/wp-json\/wp\/v2\/pages\/2273\/revisions\/3427"}],"wp:attachment":[{"href":"https:\/\/carrebasset.com\/fr\/wp-json\/wp\/v2\/media?parent=2273"}],"curies":[{"name":"wp","href":"https:\/\/api.w.org\/{rel}","templated":true}]}}