{"id":2654,"date":"2024-09-19T07:04:43","date_gmt":"2024-09-19T07:04:43","guid":{"rendered":"https:\/\/carrebasset.com\/?page_id=2654"},"modified":"2024-12-02T13:51:40","modified_gmt":"2024-12-02T13:51:40","slug":"conditions-generales","status":"publish","type":"page","link":"https:\/\/carrebasset.com\/fr\/conditions-generales\/","title":{"rendered":"Conditions g\u00e9n\u00e9rales"},"content":{"rendered":"[vc_row type=&#8221;full_width_background&#8221; full_screen_row_position=&#8221;middle&#8221; column_margin=&#8221;default&#8221; column_direction=&#8221;default&#8221; column_direction_tablet=&#8221;default&#8221; column_direction_phone=&#8221;default&#8221; scene_position=&#8221;center&#8221; top_padding=&#8221;3%&#8221; top_padding_phone=&#8221;12%&#8221; left_padding_phone=&#8221;8%&#8221; constrain_group_6=&#8221;yes&#8221; right_padding_phone=&#8221;8%&#8221; text_color=&#8221;dark&#8221; text_align=&#8221;left&#8221; row_border_radius=&#8221;none&#8221; row_border_radius_applies=&#8221;bg&#8221; overflow=&#8221;visible&#8221; advanced_gradient_angle=&#8221;0&#8243; overlay_strength=&#8221;0.3&#8243; gradient_direction=&#8221;left_to_right&#8221; shape_divider_position=&#8221;bottom&#8221; bg_image_animation=&#8221;none&#8221; shape_type=&#8221;&#8221; gradient_type=&#8221;default&#8221;][vc_column column_padding=&#8221;no-extra-padding&#8221; column_padding_tablet=&#8221;inherit&#8221; column_padding_phone=&#8221;no-extra-padding&#8221; column_padding_position=&#8221;all&#8221; column_element_direction_desktop=&#8221;default&#8221; column_element_spacing=&#8221;0px&#8221; centered_text=&#8221;true&#8221; desktop_text_alignment=&#8221;default&#8221; tablet_text_alignment=&#8221;default&#8221; phone_text_alignment=&#8221;default&#8221; background_color_opacity=&#8221;1&#8243; background_hover_color_opacity=&#8221;1&#8243; column_backdrop_filter=&#8221;none&#8221; column_shadow=&#8221;none&#8221; column_border_radius=&#8221;none&#8221; column_link_target=&#8221;_self&#8221; column_position=&#8221;default&#8221; advanced_gradient_angle=&#8221;0&#8243; gradient_direction=&#8221;left_to_right&#8221; overlay_strength=&#8221;0.3&#8243; width=&#8221;1\/1&#8243; tablet_width_inherit=&#8221;default&#8221; animation_type=&#8221;default&#8221; bg_image_animation=&#8221;none&#8221; border_type=&#8221;simple&#8221; column_border_width=&#8221;none&#8221; column_border_style=&#8221;solid&#8221; gradient_type=&#8221;default&#8221; column_padding_type=&#8221;default&#8221;][split_line_heading animation_type=&#8221;line-reveal-by-space&#8221; font_style=&#8221;h1&#8243; text_color=&#8221;#000000&#8243; line_reveal_by_space_text_effect=&#8221;none&#8221; stagger_animation=&#8221;true&#8221; content_alignment=&#8221;default&#8221; mobile_content_alignment=&#8221;inherit&#8221; link_target=&#8221;_self&#8221; text_content=&#8221;Conditions g\u00e9n\u00e9rales&#8221; text_direction=&#8221;default&#8221; font_size=&#8221;160px&#8221; font_size_phone=&#8221;40px&#8221; el_class=&#8221;splitheading&#8221;][\/split_line_heading][\/vc_column][\/vc_row][vc_row type=&#8221;full_width_background&#8221; full_screen_row_position=&#8221;middle&#8221; column_margin=&#8221;default&#8221; column_direction=&#8221;default&#8221; column_direction_tablet=&#8221;default&#8221; column_direction_phone=&#8221;default&#8221; scene_position=&#8221;center&#8221; top_padding=&#8221;4%&#8221; bottom_padding=&#8221;4%&#8221; text_color=&#8221;dark&#8221; text_align=&#8221;left&#8221; row_border_radius=&#8221;none&#8221; row_border_radius_applies=&#8221;bg&#8221; overflow=&#8221;visible&#8221; overlay_strength=&#8221;0.3&#8243; gradient_direction=&#8221;left_to_right&#8221; shape_divider_position=&#8221;bottom&#8221; bg_image_animation=&#8221;none&#8221; gradient_type=&#8221;default&#8221; shape_type=&#8221;&#8221;][vc_column column_padding=&#8221;no-extra-padding&#8221; column_padding_tablet=&#8221;inherit&#8221; column_padding_phone=&#8221;inherit&#8221; column_padding_position=&#8221;all&#8221; column_element_direction_desktop=&#8221;default&#8221; column_element_spacing=&#8221;default&#8221; desktop_text_alignment=&#8221;default&#8221; tablet_text_alignment=&#8221;default&#8221; phone_text_alignment=&#8221;default&#8221; background_color_opacity=&#8221;1&#8243; background_hover_color_opacity=&#8221;1&#8243; column_backdrop_filter=&#8221;none&#8221; column_shadow=&#8221;none&#8221; column_border_radius=&#8221;none&#8221; column_link_target=&#8221;_self&#8221; column_position=&#8221;default&#8221; gradient_direction=&#8221;left_to_right&#8221; overlay_strength=&#8221;0.3&#8243; width=&#8221;1\/1&#8243; tablet_width_inherit=&#8221;default&#8221; animation_type=&#8221;default&#8221; bg_image_animation=&#8221;none&#8221; border_type=&#8221;simple&#8221; column_border_width=&#8221;none&#8221; column_border_style=&#8221;solid&#8221;][vc_column_text text_direction=&#8221;default&#8221;]<b>CONDITIONS G\u00c9N\u00c9RALES D\u2019UTILISATION DU SITE<\/b><\/p>\n<p><span style=\"font-weight: 400;\">Soucieuse de maintenir le s\u00e9rieux et la qualit\u00e9 des prestations de services qu\u2019elle r\u00e9alise pour ses clients ou futurs clients, l\u2019agence Carr\u00e9 Basset rappelle que la consultation et\/ou l\u2019utilisation du site www.carrebasset.com implique l\u2019acceptation et le respect des conditions ci-dessous mentionn\u00e9es ainsi que des lois applicables en France en mati\u00e8re de communication sur le r\u00e9seau Internet. En utilisant le site www.carrebasset.com, chaque personne physique (ci-apr\u00e8s l\u2019Utilisateur \u00bb) en accepte les pr\u00e9sentes conditions d\u2019utilisation.<\/span><\/p>\n<p><b>PROPRI\u00c9T\u00c9 INTELLECTUELLE<\/b><\/p>\n<p><span style=\"font-weight: 400;\">Le Site et chacun des \u00e9l\u00e9ments qui le compose et notamment les articles, textes, pr\u00e9sentations, communiqu\u00e9s, illustrations, animations, sont la propri\u00e9t\u00e9 intellectuelle de la soci\u00e9t\u00e9 CARR\u00c9 BASSET ASSOCI\u00c9S ou de leurs clients respectifs.<\/span><\/p>\n<p><span style=\"font-weight: 400;\">L\u2019Utilisateur n\u2019est pas autoris\u00e9, sans l\u2019autorisation pr\u00e9alable et \u00e9crite de la soci\u00e9t\u00e9 CARR\u00c9 BASSET ASSOCI\u00c9S, \u00e0 reproduire, repr\u00e9senter, modifier, traduire et\/ou adapter, en int\u00e9gralit\u00e9 ou pour partie, le Site et chacun des \u00e9l\u00e9ments qui le compose et reproduire et\/ou repr\u00e9senter de telles traductions, adaptations, que ce soit \u00e0 titre on\u00e9reux ou \u00e0 titre gratuit.<\/span><\/p>\n<p><span style=\"font-weight: 400;\">L\u2019agence Carr\u00e9 Basset Associ\u00e9s ne c\u00e8de aucun droit de propri\u00e9t\u00e9 intellectuelle sur les documents et plus g\u00e9n\u00e9ralement sur le contenu du site www.carrebasset.com, quelle qu\u2019en soit la forme. Conform\u00e9ment aux r\u00e8gles de \u00ab bon usage \u00bb ci-dessous mentionn\u00e9es, la consultation des documents ne peut s\u2019interpr\u00e9ter comme une cession, m\u00eame partielle ou temporaire, des droits de reproduction, de repr\u00e9sentation et d\u2019adaptation de tout ou partie des textes, pr\u00e9sentations m\u00e9thodologiques ou \u00e9l\u00e9ments visuels ou graphiques composant le site www.carrebasset.com.<\/span><\/p>\n<p><span style=\"font-weight: 400;\">Les conditions d\u2019exploitation qui s\u2019attachent aux documents et plus g\u00e9n\u00e9ralement au contenu du site www.carrebasset.com sont les suivantes : DROITS R\u00c9SERV\u00c9S \u2013 TEXTES, \u00c9L\u00c9MENTS VISUELS, GRAPHIQUES OU SONORES UNIQUEMENT CONSULTABLES SUR LE SITE INTERNET CARR\u00c9 BASSET. REPRODUCTION ET\/OU DIFFUSION INTERDITE.<\/span><\/p>\n<p><span style=\"font-weight: 400;\">Les marques cit\u00e9es sur le site www.carrebasset.com et notamment : \u2013 les d\u00e9nominations, logotypes, marques figuratives, noms de produit et\/ou services qui sont cit\u00e9s ou reproduits sur le site www.carrebasset.com sont la propri\u00e9t\u00e9 exclusive des clients de l\u2019agence Carr\u00e9 Basset Associ\u00e9s ou de leurs titulaires respectifs. \u00c0 ce titre, l\u2019Utilisateur ne pourra, en aucun cas utiliser m\u00eame partiellement, reproduire ou repr\u00e9senter ces marques (sauf autorisation \u00e9crite pr\u00e9alable des propri\u00e9taires des marques cit\u00e9es). \u00c0 d\u00e9faut d\u2019un accord \u00e9crit pr\u00e9alablement consenti par les propri\u00e9taires des marques cit\u00e9es, l\u2019exploitation et\/ou l\u2019utilisation desdites marques est donc strictement interdite \u00e0 quelque titre que ce soit.<\/span><\/p>\n<p><b>BON USAGE \u2013 RESPONSABILIT\u00c9<\/b><\/p>\n<p><span style=\"font-weight: 400;\">Le Site de Carr\u00e9 Basset Associ\u00e9s a pour objectif de pr\u00e9senter la vision de l\u2019agence, les services qu\u2019elle propose ainsi que les derni\u00e8res cr\u00e9ations qu\u2019elle a mises au point pour ses clients. L\u2019agence Carr\u00e9 Basset ne garantit pas l\u2019exactitude des informations qu\u2019elle met en ligne sur son site www.carrebasset.com m\u00eame si elle s\u2019efforce d\u2019y parvenir. \u00c0 ce titre, l\u2019agence n\u2019est en aucun cas responsable des \u00e9ventuels dommages ou pertes que chacun peut subir apr\u00e8s consultation de ces informations (chaque Utilisateur est seul responsable de l\u2019usage qu\u2019il fait du Site et\/ou des informations qu\u2019il contient) ; l\u2019Agence se r\u00e9serve le droit de modifier, \u00e0 tout moment, tout ou partie du site www.carrebasset.com. Toute modification entrera en vigueur \u00e0 compter de sa mise en ligne sur le site pr\u00e9cit\u00e9. L\u2019Utilisateur sera suppos\u00e9 avoir accept\u00e9 cette modification pour la suite de sa consultation. L\u2019agence Carr\u00e9 Basset Associ\u00e9s d\u00e9cline toute responsabilit\u00e9 pour les difficult\u00e9s rencontr\u00e9es lors de l\u2019acc\u00e8s \u00e0 son site ou pour toute d\u00e9faillance de communication. L\u2019agence ne garantit pas que le serveur h\u00e9bergeant le site www.carrebasset.com soit exempt de virus ou qu\u2019il puisse survenir un probl\u00e8me technique pouvant endommager les composants ou les donn\u00e9es stock\u00e9es dans l\u2019ordinateur de l\u2019Utilisateur.<\/span><\/p>\n<p><b>LIENS HYPERTEXTES<\/b><\/p>\n<p><span style=\"font-weight: 400;\">L\u2019Agence Carr\u00e9 Basset s\u2019assure que le Site ne comporte pas de lien hypertexte permettant d\u2019acc\u00e9der directement ou indirectement \u00e0 des sites ou \u00e0 des pages de site dont le contenu serait illicite et s\u2019efforce pour prendre sans d\u00e9lai toute disposition pour les supprimer s\u2019il devait se r\u00e9v\u00e9ler illicite. Toutefois, l\u2019Agence Carr\u00e9 Basset ne saurait engager sa responsabilit\u00e9 \u00e0 ce titre.<\/span><\/p>\n<p><b>DONN\u00c9ES PERSONNELLES<\/b><\/p>\n<p><span style=\"font-weight: 400;\">Les donn\u00e9es personnelles peuvent \u00eatre collect\u00e9es lorsque l\u2019Utilisateur : \u2013 Navigue sur le Site, \u2013 D\u00e9pose une candidature, \u2013 S\u2019abonne \u00e0 la newsletter de l\u2019Agence, \u2013 Envoie une question par le Formulaire de contact. Chaque formulaire ou t\u00e9l\u00e9service limite la collecte des donn\u00e9es personnelles au strict n\u00e9cessaire (minimisation des donn\u00e9es), pour la dur\u00e9e limit\u00e9e \u00e0 la finalit\u00e9 du traitement et indique notamment : quels sont les objectifs du recueil de ces donn\u00e9es (finalit\u00e9) ; si ces donn\u00e9es sont obligatoires ou facultatives pour la gestion de votre demande. Les donn\u00e9es personnelles peuvent \u00eatre trait\u00e9es, \u00e9galement, soit pour assurer le fonctionnement et la s\u00e9curit\u00e9 du Site internet, en am\u00e9liorer le fonctionnement et \u00e9valuer son audience, soit pour r\u00e9aliser des calculs statistiques anonymis\u00e9s.<\/span><\/p>\n<p><span style=\"font-weight: 400;\">Dur\u00e9e de conservation : elle est limit\u00e9e \u00e0 la dur\u00e9e n\u00e9cessaire aux traitements mis en place. S\u2019agissant des donn\u00e9es personnelles utilis\u00e9es \u00e0 des fins de communication, elles sont conserv\u00e9es pendant une dur\u00e9e de 5 ans \u00e0 partir du moment de la collecte ou du dernier contact avec l\u2019Agence.<\/span><\/p>\n<p><span style=\"font-weight: 400;\">Transfert de donn\u00e9es personnelles : l\u2019Agence Carr\u00e9 Basset ne communique pas les donn\u00e9es personnelles \u00e0 des tiers, \u00e0 l\u2019exception de ses sous-traitants.<\/span><\/p>\n<p><span style=\"font-weight: 400;\">Droit d\u2019acc\u00e8s et de rectification : Pour toute information ou exercice de vos droits Informatique et Libert\u00e9s sur les traitements de donn\u00e9es personnelles g\u00e9r\u00e9s par Carr\u00e9 Basset, vous pouvez \u00e0 tout moment nous contacter par courrier (avec copie de votre pi\u00e8ce d\u2019identit\u00e9 en cas d\u2019exercice de vos droits) \u00e0 l\u2019adresse suivante :<\/span><\/p>\n<p><span style=\"font-weight: 400;\">Service administratif \u2013 Donn\u00e9es personnelles<\/span><\/p>\n<p><span style=\"font-weight: 400;\">CARR\u00c9 BASSET<\/span><\/p>\n<p><span style=\"font-weight: 400;\">39 rue de Richelieu<\/span><\/p>\n<p><span style=\"font-weight: 400;\">75001 PARIS<\/span><\/p>\n<p><span style=\"font-weight: 400;\">Droit d\u2019opposition : toute personne peut s\u2019opposer \u00e0 tout moment au traitement de ses donn\u00e9es personnelles \u00e0 des fins de communication.<\/span><\/p>\n<p><b>A PROPOS DES COOKIES<\/b><\/p>\n<p><span style=\"font-weight: 400;\">Nous utilisons diff\u00e9rents cookies sur le site pour am\u00e9liorer l\u2019interactivit\u00e9 du site et nos services. Qu\u2019est-ce qu\u2019un \u201ccookie\u201d ? Un \u201ccookie\u201d est une suite d\u2019informations, g\u00e9n\u00e9ralement de petite taille et identifi\u00e9 par un nom, qui peut \u00eatre transmis \u00e0 votre navigateur par un site web sur lequel vous vous connectez. Votre navigateur web le conservera pendant une certaine dur\u00e9e, et le renverra au serveur web chaque fois que vous vous y reconnecterez. Les cookies ont de multiples usages : ils peuvent servir \u00e0 m\u00e9moriser votre identifiant client aupr\u00e8s d\u2019un site marchand, le contenu courant de votre panier d\u2019achat, un identifiant permettant de tracer votre navigation pour des finalit\u00e9s statistiques ou publicitaires, etc. Les types de cookies utilis\u00e9s par le site www.carrebasset.com : Cookies internes n\u00e9cessaires au site pour fonctionner \/ Cookies de mesure d\u2019audience \/ Cookies tiers destin\u00e9s \u00e0 am\u00e9liorer l\u2019interactivit\u00e9 du site. L\u2019enregistrement des cookies lors de la visite du Site est effectu\u00e9 en fonction des choix qu\u2019a exprim\u00e9s l\u2019Utilisateur ou qu\u2019il peut exprimer \u00e0 tout moment. (Recommandations CNIL du 17 septembre 2020, RGPD (R\u00e8glement europ\u00e9en n\u00b02016\/679 du 27 avril 2016, article 7 relatif aux modalit\u00e9s de recueil du consentement) L\u2019Utilisateur peut \u00e0 tout moment choisir de d\u00e9sactiver les cookies du Site. Il lui incombe de suivre la proc\u00e9dure applicable \u00e0 son\/ses navigateur(s).\u00a0<\/span><\/p>\n<p><b>DROITS \u00c0 L\u2019IMAGE<\/b><\/p>\n<p><span style=\"font-weight: 400;\">Les salari\u00e9s et dirigeants de l\u2019agence dont l\u2019image est utilis\u00e9e sur le site www.carrebasset.com ont consenti \u00e0 l\u2019utilisation de ces documents iconographiques dans le cadre dudit site et uniquement dans ce cadre.<\/span><\/p>\n<p><b>ATTRIBUTION DE JURIDICTION<\/b><\/p>\n<p><span style=\"font-weight: 400;\">Les pr\u00e9sentes conditions d\u2019utilisation du site www.carrebasset.com sont soumises, tant pour leur interpr\u00e9tation que pour leur ex\u00e9cution, au droit fran\u00e7ais. En cas de litige, les tribunaux fran\u00e7ais seront seuls comp\u00e9tents.<\/span><\/p>\n<p><b>CR\u00c9DITS PHOTOS<\/b><\/p>\n<p><span style=\"font-weight: 400;\">AUDEMARDS PIGUET \u2013 LOLA ROSE \u2013 VAN CLEEF &amp; ARPELS \u2013 HENNESSY \u2013 THE DALMORE \u2013 COTY \u2013 KILIAN PARIS \u2013 JURLIQUE \u2013 HEARTH \u2013 DIPTYQUE \u2013 MELISSA \u2013 WOO<\/span>[\/vc_column_text][\/vc_column][\/vc_row]\n","protected":false},"excerpt":{"rendered":"<p>[vc_row type=&#8221;full_width_background&#8221; full_screen_row_position=&#8221;middle&#8221; column_margin=&#8221;default&#8221; column_direction=&#8221;default&#8221; column_direction_tablet=&#8221;default&#8221; column_direction_phone=&#8221;default&#8221; scene_position=&#8221;center&#8221; top_padding=&#8221;3%&#8221; top_padding_phone=&#8221;12%&#8221; left_padding_phone=&#8221;8%&#8221; constrain_group_6=&#8221;yes&#8221; right_padding_phone=&#8221;8%&#8221; text_color=&#8221;dark&#8221; text_align=&#8221;left&#8221; row_border_radius=&#8221;none&#8221; row_border_radius_applies=&#8221;bg&#8221; overflow=&#8221;visible&#8221;&#8230;<\/p>\n","protected":false},"author":1,"featured_media":0,"parent":0,"menu_order":0,"comment_status":"closed","ping_status":"closed","template":"","meta":{"_seopress_robots_primary_cat":"","_seopress_titles_title":"","_seopress_titles_desc":"","_seopress_robots_index":"yes","inline_featured_image":false,"footnotes":""},"class_list":["post-2654","page","type-page","status-publish"],"_links":{"self":[{"href":"https:\/\/carrebasset.com\/fr\/wp-json\/wp\/v2\/pages\/2654","targetHints":{"allow":["GET"]}}],"collection":[{"href":"https:\/\/carrebasset.com\/fr\/wp-json\/wp\/v2\/pages"}],"about":[{"href":"https:\/\/carrebasset.com\/fr\/wp-json\/wp\/v2\/types\/page"}],"author":[{"embeddable":true,"href":"https:\/\/carrebasset.com\/fr\/wp-json\/wp\/v2\/users\/1"}],"replies":[{"embeddable":true,"href":"https:\/\/carrebasset.com\/fr\/wp-json\/wp\/v2\/comments?post=2654"}],"version-history":[{"count":4,"href":"https:\/\/carrebasset.com\/fr\/wp-json\/wp\/v2\/pages\/2654\/revisions"}],"predecessor-version":[{"id":2742,"href":"https:\/\/carrebasset.com\/fr\/wp-json\/wp\/v2\/pages\/2654\/revisions\/2742"}],"wp:attachment":[{"href":"https:\/\/carrebasset.com\/fr\/wp-json\/wp\/v2\/media?parent=2654"}],"curies":[{"name":"wp","href":"https:\/\/api.w.org\/{rel}","templated":true}]}}