{"id":2695,"date":"2024-09-19T06:54:36","date_gmt":"2024-09-19T06:54:36","guid":{"rendered":"https:\/\/carrebasset.com\/%e6%b3%95%e5%be%8b%e4%bf%a1%e6%81%af\/"},"modified":"2024-09-20T07:10:41","modified_gmt":"2024-09-20T07:10:41","slug":"%e6%b3%95%e5%be%8b%e4%bf%a1%e6%81%af","status":"publish","type":"page","link":"https:\/\/carrebasset.com\/zh-hans\/%e6%b3%95%e5%be%8b%e4%bf%a1%e6%81%af\/","title":{"rendered":"\u6cd5\u5f8b\u4fe1\u606f"},"content":{"rendered":"[vc_row type=&#8221;full_width_background&#8221; full_screen_row_position=&#8221;middle&#8221; column_margin=&#8221;default&#8221; column_direction=&#8221;default&#8221; column_direction_tablet=&#8221;default&#8221; column_direction_phone=&#8221;default&#8221; scene_position=&#8221;center&#8221; top_padding=&#8221;3%&#8221; top_padding_phone=&#8221;12%&#8221; left_padding_phone=&#8221;8%&#8221; constrain_group_6=&#8221;yes&#8221; right_padding_phone=&#8221;8%&#8221; text_color=&#8221;dark&#8221; text_align=&#8221;left&#8221; row_border_radius=&#8221;none&#8221; row_border_radius_applies=&#8221;bg&#8221; overflow=&#8221;visible&#8221; advanced_gradient_angle=&#8221;0&#8243; overlay_strength=&#8221;0.3&#8243; gradient_direction=&#8221;left_to_right&#8221; shape_divider_position=&#8221;bottom&#8221; bg_image_animation=&#8221;none&#8221; shape_type=&#8221;&#8221; gradient_type=&#8221;default&#8221;][vc_column column_padding=&#8221;no-extra-padding&#8221; column_padding_tablet=&#8221;inherit&#8221; column_padding_phone=&#8221;no-extra-padding&#8221; column_padding_position=&#8221;all&#8221; column_element_direction_desktop=&#8221;default&#8221; column_element_spacing=&#8221;0px&#8221; centered_text=&#8221;true&#8221; desktop_text_alignment=&#8221;default&#8221; tablet_text_alignment=&#8221;default&#8221; phone_text_alignment=&#8221;default&#8221; background_color_opacity=&#8221;1&#8243; background_hover_color_opacity=&#8221;1&#8243; column_backdrop_filter=&#8221;none&#8221; column_shadow=&#8221;none&#8221; column_border_radius=&#8221;none&#8221; column_link_target=&#8221;_self&#8221; column_position=&#8221;default&#8221; advanced_gradient_angle=&#8221;0&#8243; gradient_direction=&#8221;left_to_right&#8221; overlay_strength=&#8221;0.3&#8243; width=&#8221;1\/1&#8243; tablet_width_inherit=&#8221;default&#8221; animation_type=&#8221;default&#8221; bg_image_animation=&#8221;none&#8221; border_type=&#8221;simple&#8221; column_border_width=&#8221;none&#8221; column_border_style=&#8221;solid&#8221; gradient_type=&#8221;default&#8221; column_padding_type=&#8221;default&#8221;][split_line_heading animation_type=&#8221;line-reveal-by-space&#8221; font_style=&#8221;h1&#8243; text_color=&#8221;#000000&#8243; line_reveal_by_space_text_effect=&#8221;none&#8221; stagger_animation=&#8221;true&#8221; content_alignment=&#8221;default&#8221; mobile_content_alignment=&#8221;inherit&#8221; link_target=&#8221;_self&#8221; text_content=&#8221;\u6cd5\u5f8b\u4fe1\u606f&#8221; text_direction=&#8221;default&#8221; font_size=&#8221;160px&#8221; font_size_phone=&#8221;40px&#8221; el_class=&#8221;splitheading&#8221;][\/split_line_heading][\/vc_column][\/vc_row][vc_row type=&#8221;full_width_background&#8221; full_screen_row_position=&#8221;middle&#8221; column_margin=&#8221;default&#8221; column_direction=&#8221;default&#8221; column_direction_tablet=&#8221;default&#8221; column_direction_phone=&#8221;default&#8221; scene_position=&#8221;center&#8221; top_padding=&#8221;4%&#8221; bottom_padding=&#8221;4%&#8221; text_color=&#8221;dark&#8221; text_align=&#8221;left&#8221; row_border_radius=&#8221;none&#8221; row_border_radius_applies=&#8221;bg&#8221; overflow=&#8221;visible&#8221; overlay_strength=&#8221;0.3&#8243; gradient_direction=&#8221;left_to_right&#8221; shape_divider_position=&#8221;bottom&#8221; bg_image_animation=&#8221;none&#8221; gradient_type=&#8221;default&#8221; shape_type=&#8221;&#8221;][vc_column column_padding=&#8221;no-extra-padding&#8221; column_padding_tablet=&#8221;inherit&#8221; column_padding_phone=&#8221;inherit&#8221; column_padding_position=&#8221;all&#8221; column_element_direction_desktop=&#8221;default&#8221; column_element_spacing=&#8221;default&#8221; desktop_text_alignment=&#8221;default&#8221; tablet_text_alignment=&#8221;default&#8221; phone_text_alignment=&#8221;default&#8221; background_color_opacity=&#8221;1&#8243; background_hover_color_opacity=&#8221;1&#8243; column_backdrop_filter=&#8221;none&#8221; column_shadow=&#8221;none&#8221; column_border_radius=&#8221;none&#8221; column_link_target=&#8221;_self&#8221; column_position=&#8221;default&#8221; gradient_direction=&#8221;left_to_right&#8221; overlay_strength=&#8221;0.3&#8243; width=&#8221;1\/1&#8243; tablet_width_inherit=&#8221;default&#8221; animation_type=&#8221;default&#8221; bg_image_animation=&#8221;none&#8221; border_type=&#8221;simple&#8221; column_border_width=&#8221;none&#8221; column_border_style=&#8221;solid&#8221;][vc_column_text text_direction=&#8221;default&#8221;]<span style=\"font-weight: 400;\">\u7f51\u7ad9\u7f16\u8f91 www.carrebasset.com : CARRE BASSET ASSOCIES<\/span><\/p>\n<p><span style=\"font-weight: 400;\">\u6ce8\u518c\u529e\u4e8b\u5904\u5730\u5740\uff1a\u5df4\u9ece\u9ece\u585e\u7559\u8def 39 \u53f7<\/span><\/p>\n<p><span style=\"font-weight: 400;\">\u7535\u8bdd\uff1a01 55 35 37 37<\/span><\/p>\n<p><span style=\"font-weight: 400;\">\u7535\u5b50\u90ae\u4ef6 : contact@carrebasset.com<\/span><\/p>\n<p><span style=\"font-weight: 400;\">\u521b\u5efa\u65e5\u671f\uff1a1995 \u5e74 11 \u6708 17 \u65e5<\/span><\/p>\n<p><span style=\"font-weight: 400;\">\u6cd5\u5f8b\u5f62\u5f0f\uff1a\u6709\u9650\u8d23\u4efb\u516c\u53f8\uff08Soci\u00e9t\u00e9 \u00e0 Responsabilit\u00e9 Limit\u00e9e\uff09\uff0c\u80a1\u672c\u4e3a 40 000 \u6b27\u5143<\/span><\/p>\n<p><span style=\"font-weight: 400;\">\u7f51\u7ad9\u51fa\u7248\u603b\u76d1\uff1a Guillaume CARRE \u5148\u751f<\/span><\/p>\n<p><span style=\"font-weight: 400;\">\u516c\u53f8\u6ce8\u518c\u53f7 402 912 596<\/span><\/p>\n<p><span style=\"font-weight: 400;\">\u7f51\u7ad9\u4e3b\u529e\u516c\u53f8\uff1aM\u00e9dia Temple<\/span><\/p>\n<p><span style=\"font-weight: 400;\">\u5730\u5740\uff1a6060 Center Drive 5th Floor, Los Angeles, CA 90045 \u7535\u8bdd\uff1a+1.3108415500<\/span>[\/vc_column_text][\/vc_column][\/vc_row]\n","protected":false},"excerpt":{"rendered":"<p>[vc_row type=&#8221;full_width_background&#8221; full_screen_row_position=&#8221;middle&#8221; column_margin=&#8221;default&#8221; column_direction=&#8221;default&#8221; column_direction_tablet=&#8221;default&#8221; column_direction_phone=&#8221;default&#8221; scene_position=&#8221;center&#8221; top_padding=&#8221;3%&#8221; top_padding_phone=&#8221;12%&#8221; left_padding_phone=&#8221;8%&#8221; constrain_group_6=&#8221;yes&#8221; right_padding_phone=&#8221;8%&#8221; text_color=&#8221;dark&#8221; text_align=&#8221;left&#8221; row_border_radius=&#8221;none&#8221; row_border_radius_applies=&#8221;bg&#8221; overflow=&#8221;visible&#8221;&#8230;<\/p>\n","protected":false},"author":1,"featured_media":0,"parent":0,"menu_order":0,"comment_status":"closed","ping_status":"closed","template":"","meta":{"_seopress_robots_primary_cat":"","_seopress_titles_title":"","_seopress_titles_desc":"","_seopress_robots_index":"","inline_featured_image":false,"footnotes":""},"class_list":["post-2695","page","type-page","status-publish"],"_links":{"self":[{"href":"https:\/\/carrebasset.com\/zh-hans\/wp-json\/wp\/v2\/pages\/2695","targetHints":{"allow":["GET"]}}],"collection":[{"href":"https:\/\/carrebasset.com\/zh-hans\/wp-json\/wp\/v2\/pages"}],"about":[{"href":"https:\/\/carrebasset.com\/zh-hans\/wp-json\/wp\/v2\/types\/page"}],"author":[{"embeddable":true,"href":"https:\/\/carrebasset.com\/zh-hans\/wp-json\/wp\/v2\/users\/1"}],"replies":[{"embeddable":true,"href":"https:\/\/carrebasset.com\/zh-hans\/wp-json\/wp\/v2\/comments?post=2695"}],"version-history":[{"count":1,"href":"https:\/\/carrebasset.com\/zh-hans\/wp-json\/wp\/v2\/pages\/2695\/revisions"}],"predecessor-version":[{"id":2696,"href":"https:\/\/carrebasset.com\/zh-hans\/wp-json\/wp\/v2\/pages\/2695\/revisions\/2696"}],"wp:attachment":[{"href":"https:\/\/carrebasset.com\/zh-hans\/wp-json\/wp\/v2\/media?parent=2695"}],"curies":[{"name":"wp","href":"https:\/\/api.w.org\/{rel}","templated":true}]}}